{"id":232,"date":"2018-05-05T17:10:23","date_gmt":"2018-05-05T15:10:23","guid":{"rendered":"https:\/\/problemkind-routenbau.de\/?page_id=232"},"modified":"2026-03-16T12:53:41","modified_gmt":"2026-03-16T11:53:41","slug":"routenbau","status":"publish","type":"page","link":"https:\/\/problemkind-routenbau.de\/en\/routenbau\/","title":{"rendered":"ROUTESETTING"},"content":{"rendered":"\n<div class=\"et_pb_section_0 et_pb_section et_section_regular et_block_section\"><div class=\"et_pb_row_0 et_pb_row et_pb_row_1-4_3-4 et_block_row et_block_row_1-4_3-4 et_pb_row_fullwidth\"><div class=\"et_pb_column_0 et_pb_column et_pb_column_1_4 et_block_column et_pb_column_empty et_pb_css_mix_blend_mode_passthrough\"><\/div><div class=\"et_pb_column_1 et_pb_column et_pb_column_3_4 et-last-child et_block_column et_pb_css_mix_blend_mode_passthrough\"><div class=\"et_pb_text_0 et_pb_text et_pb_bg_layout_light et_pb_module et_block_module\"><div class=\"et_pb_text_inner\"><h1>Wir machen nur Probleme...<br \/>aber du wirst sie lieben!<\/h1>\n<\/div><\/div><div class=\"et_pb_text_1 et_pb_text et_pb_bg_layout_light et_pb_module et_block_module\"><div class=\"et_pb_text_inner\"><h1>War ja wieder klar, die Jungs machen nur Probleme... nichts anderes haben wir erwartet! Alles h\u00e4tte so leicht sein k\u00f6nnen, Leiter an die Wand und fertig. Aber nein, Spr\u00fcnge m\u00fcssen es ja sein, und Herumgeeiere. Balancieren, dass ich nicht lache. Ganz zu schweigen von diesen grausamen Koordinationsbewegungen. Wohl noch nie was von der Dreipunktregel geh\u00f6rt die L\u00fcmmel. Das hat man davon, wenn man sich Problemkinder ins Haus holt.<\/h1>\n<\/div><\/div>[dsm_svg_animation _builder_version=\"4.26.0\" _module_preset=\"default\" global_colors_info=\"{}\"][\/dsm_svg_animation]<\/div><\/div><\/div><div class=\"et_pb_section_1 et_pb_section et_pb_fullwidth_section et_section_regular et_block_section\"><\/div><div class=\"et_pb_section_2 et_pb_section et_pb_fullwidth_section et_section_regular et_block_section\"><\/div><div class=\"et_pb_section_3 et_pb_section et_section_regular et_block_section\"><div class=\"et_pb_row_1 et_pb_row et_block_row\"><div class=\"et_pb_column_2 et_pb_column et_pb_column_1_3 et_block_column et_pb_column_empty et_pb_css_mix_blend_mode_passthrough\"><\/div><div class=\"et_pb_column_3 et_pb_column et_pb_column_1_3 et_block_column et_pb_css_mix_blend_mode_passthrough\"><div class=\"et_pb_image_0 et_pb_image et_pb_module et_block_module\"><span class=\"et_pb_image_wrap\"><img loading=\"lazy\" decoding=\"async\" src=\"https:\/\/problemkind-routenbau.de\/wp-content\/uploads\/2018\/05\/Logo_Problemkind-Routenbau_4c_rgb.png\" width=\"2662\" height=\"1938\" srcset=\"https:\/\/problemkind-routenbau.de\/wp-content\/uploads\/2018\/05\/Logo_Problemkind-Routenbau_4c_rgb.png 2662w, https:\/\/problemkind-routenbau.de\/wp-content\/uploads\/2018\/05\/Logo_Problemkind-Routenbau_4c_rgb-300x218.png 300w, https:\/\/problemkind-routenbau.de\/wp-content\/uploads\/2018\/05\/Logo_Problemkind-Routenbau_4c_rgb-768x559.png 768w, https:\/\/problemkind-routenbau.de\/wp-content\/uploads\/2018\/05\/Logo_Problemkind-Routenbau_4c_rgb-1024x745.png 1024w, https:\/\/problemkind-routenbau.de\/wp-content\/uploads\/2018\/05\/Logo_Problemkind-Routenbau_4c_rgb-1080x786.png 1080w, https:\/\/problemkind-routenbau.de\/wp-content\/uploads\/2018\/05\/Logo_Problemkind-Routenbau_4c_rgb-610x444.png 610w\" sizes=\"(max-width: 2662px) 100vw, 2662px\" class=\"wp-image-64\" \/><\/span><\/div><\/div><div class=\"et_pb_column_4 et_pb_column et_pb_column_1_3 et-last-child et_block_column et_pb_column_empty et_pb_css_mix_blend_mode_passthrough\"><\/div><\/div><\/div>\n","protected":false},"excerpt":{"rendered":"","protected":false},"author":1,"featured_media":0,"parent":0,"menu_order":0,"comment_status":"closed","ping_status":"closed","template":"","meta":{"inline_featured_image":false,"_exactmetrics_skip_tracking":false,"_exactmetrics_sitenote_active":false,"_exactmetrics_sitenote_note":"","_exactmetrics_sitenote_category":0,"footnotes":""},"class_list":["post-232","page","type-page","status-publish","hentry"],"yoast_head":"<!-- This site is optimized with the Yoast SEO plugin v27.3 - https:\/\/yoast.com\/product\/yoast-seo-wordpress\/ -->\n<title>ROUTENBAU - PROBLEMKIND ROUTENBAU<\/title>\n<meta name=\"robots\" content=\"index, follow, max-snippet:-1, max-image-preview:large, max-video-preview:-1\" \/>\n<link rel=\"canonical\" href=\"https:\/\/problemkind-routenbau.de\/en\/routenbau\/\" \/>\n<meta property=\"og:locale\" content=\"en_US\" \/>\n<meta property=\"og:type\" content=\"article\" \/>\n<meta property=\"og:title\" content=\"ROUTENBAU - PROBLEMKIND ROUTENBAU\" \/>\n<meta property=\"og:url\" content=\"https:\/\/problemkind-routenbau.de\/en\/routenbau\/\" \/>\n<meta property=\"og:site_name\" content=\"PROBLEMKIND ROUTENBAU\" \/>\n<meta property=\"article:modified_time\" content=\"2026-03-16T11:53:41+00:00\" \/>\n<meta name=\"twitter:card\" content=\"summary_large_image\" \/>\n<script type=\"application\/ld+json\" class=\"yoast-schema-graph\">{\"@context\":\"https:\\\/\\\/schema.org\",\"@graph\":[{\"@type\":\"WebPage\",\"@id\":\"https:\\\/\\\/problemkind-routenbau.de\\\/routenbau\\\/\",\"url\":\"https:\\\/\\\/problemkind-routenbau.de\\\/routenbau\\\/\",\"name\":\"ROUTENBAU - PROBLEMKIND ROUTENBAU\",\"isPartOf\":{\"@id\":\"https:\\\/\\\/problemkind-routenbau.de\\\/#website\"},\"datePublished\":\"2018-05-05T15:10:23+00:00\",\"dateModified\":\"2026-03-16T11:53:41+00:00\",\"breadcrumb\":{\"@id\":\"https:\\\/\\\/problemkind-routenbau.de\\\/routenbau\\\/#breadcrumb\"},\"inLanguage\":\"en-US\",\"potentialAction\":[{\"@type\":\"ReadAction\",\"target\":[\"https:\\\/\\\/problemkind-routenbau.de\\\/routenbau\\\/\"]}]},{\"@type\":\"BreadcrumbList\",\"@id\":\"https:\\\/\\\/problemkind-routenbau.de\\\/routenbau\\\/#breadcrumb\",\"itemListElement\":[{\"@type\":\"ListItem\",\"position\":1,\"name\":\"Startseite\",\"item\":\"https:\\\/\\\/problemkind-routenbau.de\\\/\"},{\"@type\":\"ListItem\",\"position\":2,\"name\":\"ROUTENBAU\"}]},{\"@type\":\"WebSite\",\"@id\":\"https:\\\/\\\/problemkind-routenbau.de\\\/#website\",\"url\":\"https:\\\/\\\/problemkind-routenbau.de\\\/\",\"name\":\"PROBLEMKIND ROUTENBAU\",\"description\":\"We design climbingwalls, set routes, sell holds, boulder mattings and wooden training equipment. But in the end we are just climbing fanatics.\",\"publisher\":{\"@id\":\"https:\\\/\\\/problemkind-routenbau.de\\\/#organization\"},\"potentialAction\":[{\"@type\":\"SearchAction\",\"target\":{\"@type\":\"EntryPoint\",\"urlTemplate\":\"https:\\\/\\\/problemkind-routenbau.de\\\/?s={search_term_string}\"},\"query-input\":{\"@type\":\"PropertyValueSpecification\",\"valueRequired\":true,\"valueName\":\"search_term_string\"}}],\"inLanguage\":\"en-US\"},{\"@type\":\"Organization\",\"@id\":\"https:\\\/\\\/problemkind-routenbau.de\\\/#organization\",\"name\":\"PROBLEMKIND ROUTENBAU\",\"url\":\"https:\\\/\\\/problemkind-routenbau.de\\\/\",\"logo\":{\"@type\":\"ImageObject\",\"inLanguage\":\"en-US\",\"@id\":\"https:\\\/\\\/problemkind-routenbau.de\\\/#\\\/schema\\\/logo\\\/image\\\/\",\"url\":\"https:\\\/\\\/problemkind-routenbau.de\\\/wp-content\\\/uploads\\\/2023\\\/11\\\/cropped-mock-up-front.jpg\",\"contentUrl\":\"https:\\\/\\\/problemkind-routenbau.de\\\/wp-content\\\/uploads\\\/2023\\\/11\\\/cropped-mock-up-front.jpg\",\"width\":512,\"height\":512,\"caption\":\"PROBLEMKIND ROUTENBAU\"},\"image\":{\"@id\":\"https:\\\/\\\/problemkind-routenbau.de\\\/#\\\/schema\\\/logo\\\/image\\\/\"}}]}<\/script>\n<!-- \/ Yoast SEO plugin. -->","yoast_head_json":{"title":"ROUTENBAU - PROBLEMKIND ROUTENBAU","robots":{"index":"index","follow":"follow","max-snippet":"max-snippet:-1","max-image-preview":"max-image-preview:large","max-video-preview":"max-video-preview:-1"},"canonical":"https:\/\/problemkind-routenbau.de\/en\/routenbau\/","og_locale":"en_US","og_type":"article","og_title":"ROUTENBAU - PROBLEMKIND ROUTENBAU","og_url":"https:\/\/problemkind-routenbau.de\/en\/routenbau\/","og_site_name":"PROBLEMKIND ROUTENBAU","article_modified_time":"2026-03-16T11:53:41+00:00","twitter_card":"summary_large_image","schema":{"@context":"https:\/\/schema.org","@graph":[{"@type":"WebPage","@id":"https:\/\/problemkind-routenbau.de\/routenbau\/","url":"https:\/\/problemkind-routenbau.de\/routenbau\/","name":"ROUTENBAU - PROBLEMKIND ROUTENBAU","isPartOf":{"@id":"https:\/\/problemkind-routenbau.de\/#website"},"datePublished":"2018-05-05T15:10:23+00:00","dateModified":"2026-03-16T11:53:41+00:00","breadcrumb":{"@id":"https:\/\/problemkind-routenbau.de\/routenbau\/#breadcrumb"},"inLanguage":"en-US","potentialAction":[{"@type":"ReadAction","target":["https:\/\/problemkind-routenbau.de\/routenbau\/"]}]},{"@type":"BreadcrumbList","@id":"https:\/\/problemkind-routenbau.de\/routenbau\/#breadcrumb","itemListElement":[{"@type":"ListItem","position":1,"name":"Startseite","item":"https:\/\/problemkind-routenbau.de\/"},{"@type":"ListItem","position":2,"name":"ROUTENBAU"}]},{"@type":"WebSite","@id":"https:\/\/problemkind-routenbau.de\/#website","url":"https:\/\/problemkind-routenbau.de\/","name":"PROBLEMKIND ROUTENBAU","description":"We design climbingwalls, set routes, sell holds, boulder mattings and wooden training equipment. But in the end we are just climbing fanatics.","publisher":{"@id":"https:\/\/problemkind-routenbau.de\/#organization"},"potentialAction":[{"@type":"SearchAction","target":{"@type":"EntryPoint","urlTemplate":"https:\/\/problemkind-routenbau.de\/?s={search_term_string}"},"query-input":{"@type":"PropertyValueSpecification","valueRequired":true,"valueName":"search_term_string"}}],"inLanguage":"en-US"},{"@type":"Organization","@id":"https:\/\/problemkind-routenbau.de\/#organization","name":"PROBLEMKIND ROUTENBAU","url":"https:\/\/problemkind-routenbau.de\/","logo":{"@type":"ImageObject","inLanguage":"en-US","@id":"https:\/\/problemkind-routenbau.de\/#\/schema\/logo\/image\/","url":"https:\/\/problemkind-routenbau.de\/wp-content\/uploads\/2023\/11\/cropped-mock-up-front.jpg","contentUrl":"https:\/\/problemkind-routenbau.de\/wp-content\/uploads\/2023\/11\/cropped-mock-up-front.jpg","width":512,"height":512,"caption":"PROBLEMKIND ROUTENBAU"},"image":{"@id":"https:\/\/problemkind-routenbau.de\/#\/schema\/logo\/image\/"}}]}},"_links":{"self":[{"href":"https:\/\/problemkind-routenbau.de\/en\/wp-json\/wp\/v2\/pages\/232","targetHints":{"allow":["GET"]}}],"collection":[{"href":"https:\/\/problemkind-routenbau.de\/en\/wp-json\/wp\/v2\/pages"}],"about":[{"href":"https:\/\/problemkind-routenbau.de\/en\/wp-json\/wp\/v2\/types\/page"}],"author":[{"embeddable":true,"href":"https:\/\/problemkind-routenbau.de\/en\/wp-json\/wp\/v2\/users\/1"}],"replies":[{"embeddable":true,"href":"https:\/\/problemkind-routenbau.de\/en\/wp-json\/wp\/v2\/comments?post=232"}],"version-history":[{"count":11,"href":"https:\/\/problemkind-routenbau.de\/en\/wp-json\/wp\/v2\/pages\/232\/revisions"}],"predecessor-version":[{"id":1996,"href":"https:\/\/problemkind-routenbau.de\/en\/wp-json\/wp\/v2\/pages\/232\/revisions\/1996"}],"wp:attachment":[{"href":"https:\/\/problemkind-routenbau.de\/en\/wp-json\/wp\/v2\/media?parent=232"}],"curies":[{"name":"wp","href":"https:\/\/api.w.org\/{rel}","templated":true}]}}