{"id":227,"date":"2018-05-05T17:08:59","date_gmt":"2018-05-05T15:08:59","guid":{"rendered":"https:\/\/problemkind-routenbau.de\/?page_id=227"},"modified":"2026-03-16T12:53:40","modified_gmt":"2026-03-16T11:53:40","slug":"polskok-fallschutzmatten","status":"publish","type":"page","link":"https:\/\/problemkind-routenbau.de\/en\/polskok-fallschutzmatten\/","title":{"rendered":"POLSKOK SAFETY MATTING"},"content":{"rendered":"<div class=\"et_pb_section_0 et_pb_section et_section_regular et_block_section\"><div class=\"et_pb_row_0 et_pb_row et-vb-row--no-module et_block_row\"><div class=\"et_pb_column_0 et_pb_column et_pb_column_4_4 et-last-child et_block_column et_pb_column_empty et_pb_css_mix_blend_mode_passthrough\"><\/div><\/div><div class=\"et_pb_row_1 et_pb_row et_block_row\"><div class=\"et_pb_column_1 et_pb_column et_pb_column_4_4 et-last-child et_block_column et_pb_css_mix_blend_mode_passthrough\"><div class=\"et_pb_image_0 et_pb_image et_pb_module et_block_module\"><span class=\"et_pb_image_wrap\"><img loading=\"lazy\" decoding=\"async\" src=\"https:\/\/problemkind-routenbau.de\/wp-content\/uploads\/2018\/05\/kljhjh.png\" width=\"2910\" height=\"898\" srcset=\"https:\/\/problemkind-routenbau.de\/wp-content\/uploads\/2018\/05\/kljhjh.png 2910w, https:\/\/problemkind-routenbau.de\/wp-content\/uploads\/2018\/05\/kljhjh-300x93.png 300w, https:\/\/problemkind-routenbau.de\/wp-content\/uploads\/2018\/05\/kljhjh-768x237.png 768w, https:\/\/problemkind-routenbau.de\/wp-content\/uploads\/2018\/05\/kljhjh-1024x316.png 1024w, https:\/\/problemkind-routenbau.de\/wp-content\/uploads\/2018\/05\/kljhjh-1080x333.png 1080w, https:\/\/problemkind-routenbau.de\/wp-content\/uploads\/2018\/05\/kljhjh-610x188.png 610w\" sizes=\"(max-width: 2910px) 100vw, 2910px\" class=\"wp-image-181\" \/><\/span><\/div><div class=\"et_pb_blurb_0 et_pb_blurb et_pb_bg_layout_light et_pb_blurb_position_top et_pb_module et_block_module\"><div class=\"et_pb_blurb_content\"><div class=\"et_pb_blurb_container\"><div class=\"et_pb_blurb_description\"><h2 style=\"text-align: center;\">KONTAKTIERT UNS F\u00dcR EIN INDIVIDUELLES ANGEBOT!<\/h2>\n<\/div><\/div><\/div><\/div><\/div><\/div><div class=\"et_pb_row_2 et_pb_row et_block_row\"><div class=\"et_pb_column_2 et_pb_column et_pb_column_1_3 et_block_column et_pb_css_mix_blend_mode_passthrough\"><div class=\"et_pb_image_1 et_pb_image et_pb_module et_block_module\"><span class=\"et_pb_image_wrap\"><img loading=\"lazy\" decoding=\"async\" src=\"https:\/\/problemkind-routenbau.de\/wp-content\/uploads\/2024\/07\/2022_KE_095.jpg\" width=\"1036\" height=\"684\" srcset=\"https:\/\/problemkind-routenbau.de\/wp-content\/uploads\/2024\/07\/2022_KE_095.jpg 1036w, https:\/\/problemkind-routenbau.de\/wp-content\/uploads\/2024\/07\/2022_KE_095-980x647.jpg 980w, https:\/\/problemkind-routenbau.de\/wp-content\/uploads\/2024\/07\/2022_KE_095-480x317.jpg 480w\" sizes=\"(min-width: 0px) and (max-width: 480px) 480px, (min-width: 481px) and (max-width: 980px) 980px, (min-width: 981px) 1036px, 100vw\" class=\"wp-image-1779\" title=\"2022_KE_095\" \/><\/span><\/div><\/div><div class=\"et_pb_column_3 et_pb_column et_pb_column_1_3 et_block_column et_pb_css_mix_blend_mode_passthrough\"><div class=\"et_pb_image_2 et_pb_image et_pb_module et_block_module\"><span class=\"et_pb_image_wrap\"><img loading=\"lazy\" decoding=\"async\" src=\"https:\/\/problemkind-routenbau.de\/wp-content\/uploads\/2024\/07\/2022KE133_2.jpg\" width=\"1262\" height=\"947\" srcset=\"https:\/\/problemkind-routenbau.de\/wp-content\/uploads\/2024\/07\/2022KE133_2.jpg 1262w, https:\/\/problemkind-routenbau.de\/wp-content\/uploads\/2024\/07\/2022KE133_2-980x735.jpg 980w, https:\/\/problemkind-routenbau.de\/wp-content\/uploads\/2024\/07\/2022KE133_2-480x360.jpg 480w\" sizes=\"(min-width: 0px) and (max-width: 480px) 480px, (min-width: 481px) and (max-width: 980px) 980px, (min-width: 981px) 1262px, 100vw\" class=\"wp-image-1776\" title=\"2022KE133_2\" \/><\/span><\/div><\/div><div class=\"et_pb_column_4 et_pb_column et_pb_column_1_3 et-last-child et_block_column et_pb_css_mix_blend_mode_passthrough\"><div class=\"et_pb_image_3 et_pb_image et_pb_module et_block_module\"><span class=\"et_pb_image_wrap\"><img loading=\"lazy\" decoding=\"async\" src=\"https:\/\/problemkind-routenbau.de\/wp-content\/uploads\/2018\/05\/polskok-sciany-5.png\" width=\"689\" height=\"461\" srcset=\"https:\/\/problemkind-routenbau.de\/wp-content\/uploads\/2018\/05\/polskok-sciany-5.png 689w, https:\/\/problemkind-routenbau.de\/wp-content\/uploads\/2018\/05\/polskok-sciany-5-300x201.png 300w, https:\/\/problemkind-routenbau.de\/wp-content\/uploads\/2018\/05\/polskok-sciany-5-610x408.png 610w\" sizes=\"(max-width: 689px) 100vw, 689px\" class=\"wp-image-886\" \/><\/span><\/div><\/div><\/div><div class=\"et_pb_row_3 et_pb_row et_block_row\"><div class=\"et_pb_column_5 et_pb_column et_pb_column_1_3 et_block_column et_pb_css_mix_blend_mode_passthrough\"><div class=\"et_pb_text_0 et_pb_text et_pb_bg_layout_light et_pb_module et_block_module\"><div class=\"et_pb_text_inner\"><h1>Eine 30 cm dicke Konstruktion mit Teppichoberfl\u00e4che sorgt f\u00fcr eine deutlich reduzierte Staubbelastung in der Halle. \u00dcber einem zweilagigen Kern aus hochdichtem Schaumstoff bildet der Teppich eine robuste, dauerhaft ebene und leicht zu reinigende Oberfl\u00e4che. Standardfarben sind Blau und Graphit, andere Farben sind auf Anfrage erh\u00e4ltlich.<\/h1>\n<\/div><\/div><\/div><div class=\"et_pb_column_6 et_pb_column et_pb_column_1_3 et_block_column et_pb_css_mix_blend_mode_passthrough\"><div class=\"et_pb_text_1 et_pb_text et_pb_bg_layout_light et_pb_module et_block_module\"><div class=\"et_pb_text_inner\"><h1>Die Bouldermatten mit PVC-Bezug sind in den St\u00e4rken 20 cm, 25 cm und 30 cm erh\u00e4ltlich. Das System zeichnet sich durch eine schnelle und einfache Reinigung aus. Die eckenverst\u00e4rkte Planenoberfl\u00e4che ist extrem langlebig und kann in vielen verschiedenen Farben geliefert werden.<\/h1>\n<\/div><\/div><\/div><div class=\"et_pb_column_7 et_pb_column et_pb_column_1_3 et-last-child et_block_column et_pb_css_mix_blend_mode_passthrough\"><div class=\"et_pb_text_2 et_pb_text et_pb_bg_layout_light et_pb_module et_block_module\"><div class=\"et_pb_text_inner\"><h1>POLSKOK garantiert die herausragende und langlebige Qualit\u00e4t der Fallschutzsysteme. Dies umfasst auch m\u00f6gliche Wellenbildungen!<\/h1>\n<\/div><\/div><\/div><\/div><\/div><div class=\"et_pb_section_1 et_pb_section et_section_regular et_block_section\"><div class=\"et_pb_row_4 et_pb_row et_block_row\"><div class=\"et_pb_column_8 et_pb_column et_pb_column_1_3 et_block_column et_pb_column_empty et_pb_css_mix_blend_mode_passthrough\"><\/div><div class=\"et_pb_column_9 et_pb_column et_pb_column_1_3 et_block_column et_pb_css_mix_blend_mode_passthrough\"><div class=\"et_pb_image_4 et_pb_image et_pb_module et_block_module\"><span class=\"et_pb_image_wrap\"><img loading=\"lazy\" decoding=\"async\" src=\"https:\/\/problemkind-routenbau.de\/wp-content\/uploads\/2018\/05\/Logo_Problemkind-Routenbau_4c_rgb.png\" width=\"2662\" height=\"1938\" srcset=\"https:\/\/problemkind-routenbau.de\/wp-content\/uploads\/2018\/05\/Logo_Problemkind-Routenbau_4c_rgb.png 2662w, https:\/\/problemkind-routenbau.de\/wp-content\/uploads\/2018\/05\/Logo_Problemkind-Routenbau_4c_rgb-300x218.png 300w, https:\/\/problemkind-routenbau.de\/wp-content\/uploads\/2018\/05\/Logo_Problemkind-Routenbau_4c_rgb-768x559.png 768w, https:\/\/problemkind-routenbau.de\/wp-content\/uploads\/2018\/05\/Logo_Problemkind-Routenbau_4c_rgb-1024x745.png 1024w, https:\/\/problemkind-routenbau.de\/wp-content\/uploads\/2018\/05\/Logo_Problemkind-Routenbau_4c_rgb-1080x786.png 1080w, https:\/\/problemkind-routenbau.de\/wp-content\/uploads\/2018\/05\/Logo_Problemkind-Routenbau_4c_rgb-610x444.png 610w\" sizes=\"(max-width: 2662px) 100vw, 2662px\" class=\"wp-image-64\" \/><\/span><\/div><\/div><div class=\"et_pb_column_10 et_pb_column et_pb_column_1_3 et-last-child et_block_column et_pb_column_empty et_pb_css_mix_blend_mode_passthrough\"><\/div><\/div><\/div>","protected":false},"excerpt":{"rendered":"","protected":false},"author":1,"featured_media":0,"parent":0,"menu_order":0,"comment_status":"closed","ping_status":"closed","template":"","meta":{"inline_featured_image":false,"_exactmetrics_skip_tracking":false,"_exactmetrics_sitenote_active":false,"_exactmetrics_sitenote_note":"","_exactmetrics_sitenote_category":0,"footnotes":""},"class_list":["post-227","page","type-page","status-publish","hentry"],"yoast_head":"<!-- This site is optimized with the Yoast SEO plugin v27.3 - https:\/\/yoast.com\/product\/yoast-seo-wordpress\/ -->\n<title>POLSKOK FALLSCHUTZMATTEN - PROBLEMKIND ROUTENBAU<\/title>\n<meta name=\"robots\" content=\"index, follow, max-snippet:-1, max-image-preview:large, max-video-preview:-1\" \/>\n<link rel=\"canonical\" href=\"https:\/\/problemkind-routenbau.de\/en\/polskok-fallschutzmatten\/\" \/>\n<meta property=\"og:locale\" content=\"en_US\" \/>\n<meta property=\"og:type\" content=\"article\" \/>\n<meta property=\"og:title\" content=\"POLSKOK FALLSCHUTZMATTEN - PROBLEMKIND ROUTENBAU\" \/>\n<meta property=\"og:url\" content=\"https:\/\/problemkind-routenbau.de\/en\/polskok-fallschutzmatten\/\" \/>\n<meta property=\"og:site_name\" content=\"PROBLEMKIND ROUTENBAU\" \/>\n<meta property=\"article:modified_time\" content=\"2026-03-16T11:53:40+00:00\" \/>\n<meta name=\"twitter:card\" content=\"summary_large_image\" \/>\n<script type=\"application\/ld+json\" class=\"yoast-schema-graph\">{\"@context\":\"https:\\\/\\\/schema.org\",\"@graph\":[{\"@type\":\"WebPage\",\"@id\":\"https:\\\/\\\/problemkind-routenbau.de\\\/polskok-fallschutzmatten\\\/\",\"url\":\"https:\\\/\\\/problemkind-routenbau.de\\\/polskok-fallschutzmatten\\\/\",\"name\":\"POLSKOK FALLSCHUTZMATTEN - PROBLEMKIND ROUTENBAU\",\"isPartOf\":{\"@id\":\"https:\\\/\\\/problemkind-routenbau.de\\\/#website\"},\"datePublished\":\"2018-05-05T15:08:59+00:00\",\"dateModified\":\"2026-03-16T11:53:40+00:00\",\"breadcrumb\":{\"@id\":\"https:\\\/\\\/problemkind-routenbau.de\\\/polskok-fallschutzmatten\\\/#breadcrumb\"},\"inLanguage\":\"en-US\",\"potentialAction\":[{\"@type\":\"ReadAction\",\"target\":[\"https:\\\/\\\/problemkind-routenbau.de\\\/polskok-fallschutzmatten\\\/\"]}]},{\"@type\":\"BreadcrumbList\",\"@id\":\"https:\\\/\\\/problemkind-routenbau.de\\\/polskok-fallschutzmatten\\\/#breadcrumb\",\"itemListElement\":[{\"@type\":\"ListItem\",\"position\":1,\"name\":\"Startseite\",\"item\":\"https:\\\/\\\/problemkind-routenbau.de\\\/\"},{\"@type\":\"ListItem\",\"position\":2,\"name\":\"POLSKOK FALLSCHUTZMATTEN\"}]},{\"@type\":\"WebSite\",\"@id\":\"https:\\\/\\\/problemkind-routenbau.de\\\/#website\",\"url\":\"https:\\\/\\\/problemkind-routenbau.de\\\/\",\"name\":\"PROBLEMKIND ROUTENBAU\",\"description\":\"We design climbingwalls, set routes, sell holds, boulder mattings and wooden training equipment. But in the end we are just climbing fanatics.\",\"publisher\":{\"@id\":\"https:\\\/\\\/problemkind-routenbau.de\\\/#organization\"},\"potentialAction\":[{\"@type\":\"SearchAction\",\"target\":{\"@type\":\"EntryPoint\",\"urlTemplate\":\"https:\\\/\\\/problemkind-routenbau.de\\\/?s={search_term_string}\"},\"query-input\":{\"@type\":\"PropertyValueSpecification\",\"valueRequired\":true,\"valueName\":\"search_term_string\"}}],\"inLanguage\":\"en-US\"},{\"@type\":\"Organization\",\"@id\":\"https:\\\/\\\/problemkind-routenbau.de\\\/#organization\",\"name\":\"PROBLEMKIND ROUTENBAU\",\"url\":\"https:\\\/\\\/problemkind-routenbau.de\\\/\",\"logo\":{\"@type\":\"ImageObject\",\"inLanguage\":\"en-US\",\"@id\":\"https:\\\/\\\/problemkind-routenbau.de\\\/#\\\/schema\\\/logo\\\/image\\\/\",\"url\":\"https:\\\/\\\/problemkind-routenbau.de\\\/wp-content\\\/uploads\\\/2023\\\/11\\\/cropped-mock-up-front.jpg\",\"contentUrl\":\"https:\\\/\\\/problemkind-routenbau.de\\\/wp-content\\\/uploads\\\/2023\\\/11\\\/cropped-mock-up-front.jpg\",\"width\":512,\"height\":512,\"caption\":\"PROBLEMKIND ROUTENBAU\"},\"image\":{\"@id\":\"https:\\\/\\\/problemkind-routenbau.de\\\/#\\\/schema\\\/logo\\\/image\\\/\"}}]}<\/script>\n<!-- \/ Yoast SEO plugin. -->","yoast_head_json":{"title":"POLSKOK FALLSCHUTZMATTEN - PROBLEMKIND ROUTENBAU","robots":{"index":"index","follow":"follow","max-snippet":"max-snippet:-1","max-image-preview":"max-image-preview:large","max-video-preview":"max-video-preview:-1"},"canonical":"https:\/\/problemkind-routenbau.de\/en\/polskok-fallschutzmatten\/","og_locale":"en_US","og_type":"article","og_title":"POLSKOK FALLSCHUTZMATTEN - PROBLEMKIND ROUTENBAU","og_url":"https:\/\/problemkind-routenbau.de\/en\/polskok-fallschutzmatten\/","og_site_name":"PROBLEMKIND ROUTENBAU","article_modified_time":"2026-03-16T11:53:40+00:00","twitter_card":"summary_large_image","schema":{"@context":"https:\/\/schema.org","@graph":[{"@type":"WebPage","@id":"https:\/\/problemkind-routenbau.de\/polskok-fallschutzmatten\/","url":"https:\/\/problemkind-routenbau.de\/polskok-fallschutzmatten\/","name":"POLSKOK FALLSCHUTZMATTEN - PROBLEMKIND ROUTENBAU","isPartOf":{"@id":"https:\/\/problemkind-routenbau.de\/#website"},"datePublished":"2018-05-05T15:08:59+00:00","dateModified":"2026-03-16T11:53:40+00:00","breadcrumb":{"@id":"https:\/\/problemkind-routenbau.de\/polskok-fallschutzmatten\/#breadcrumb"},"inLanguage":"en-US","potentialAction":[{"@type":"ReadAction","target":["https:\/\/problemkind-routenbau.de\/polskok-fallschutzmatten\/"]}]},{"@type":"BreadcrumbList","@id":"https:\/\/problemkind-routenbau.de\/polskok-fallschutzmatten\/#breadcrumb","itemListElement":[{"@type":"ListItem","position":1,"name":"Startseite","item":"https:\/\/problemkind-routenbau.de\/"},{"@type":"ListItem","position":2,"name":"POLSKOK FALLSCHUTZMATTEN"}]},{"@type":"WebSite","@id":"https:\/\/problemkind-routenbau.de\/#website","url":"https:\/\/problemkind-routenbau.de\/","name":"PROBLEMKIND ROUTENBAU","description":"We design climbingwalls, set routes, sell holds, boulder mattings and wooden training equipment. But in the end we are just climbing fanatics.","publisher":{"@id":"https:\/\/problemkind-routenbau.de\/#organization"},"potentialAction":[{"@type":"SearchAction","target":{"@type":"EntryPoint","urlTemplate":"https:\/\/problemkind-routenbau.de\/?s={search_term_string}"},"query-input":{"@type":"PropertyValueSpecification","valueRequired":true,"valueName":"search_term_string"}}],"inLanguage":"en-US"},{"@type":"Organization","@id":"https:\/\/problemkind-routenbau.de\/#organization","name":"PROBLEMKIND ROUTENBAU","url":"https:\/\/problemkind-routenbau.de\/","logo":{"@type":"ImageObject","inLanguage":"en-US","@id":"https:\/\/problemkind-routenbau.de\/#\/schema\/logo\/image\/","url":"https:\/\/problemkind-routenbau.de\/wp-content\/uploads\/2023\/11\/cropped-mock-up-front.jpg","contentUrl":"https:\/\/problemkind-routenbau.de\/wp-content\/uploads\/2023\/11\/cropped-mock-up-front.jpg","width":512,"height":512,"caption":"PROBLEMKIND ROUTENBAU"},"image":{"@id":"https:\/\/problemkind-routenbau.de\/#\/schema\/logo\/image\/"}}]}},"_links":{"self":[{"href":"https:\/\/problemkind-routenbau.de\/en\/wp-json\/wp\/v2\/pages\/227","targetHints":{"allow":["GET"]}}],"collection":[{"href":"https:\/\/problemkind-routenbau.de\/en\/wp-json\/wp\/v2\/pages"}],"about":[{"href":"https:\/\/problemkind-routenbau.de\/en\/wp-json\/wp\/v2\/types\/page"}],"author":[{"embeddable":true,"href":"https:\/\/problemkind-routenbau.de\/en\/wp-json\/wp\/v2\/users\/1"}],"replies":[{"embeddable":true,"href":"https:\/\/problemkind-routenbau.de\/en\/wp-json\/wp\/v2\/comments?post=227"}],"version-history":[{"count":10,"href":"https:\/\/problemkind-routenbau.de\/en\/wp-json\/wp\/v2\/pages\/227\/revisions"}],"predecessor-version":[{"id":1972,"href":"https:\/\/problemkind-routenbau.de\/en\/wp-json\/wp\/v2\/pages\/227\/revisions\/1972"}],"wp:attachment":[{"href":"https:\/\/problemkind-routenbau.de\/en\/wp-json\/wp\/v2\/media?parent=227"}],"curies":[{"name":"wp","href":"https:\/\/api.w.org\/{rel}","templated":true}]}}